{"id":25,"date":"2014-12-29T16:09:44","date_gmt":"2014-12-29T16:09:44","guid":{"rendered":"http:\/\/schreinereigraber.ch\/?page_id=25"},"modified":"2014-12-29T18:02:05","modified_gmt":"2014-12-29T18:02:05","slug":"die-schreinerei","status":"publish","type":"page","link":"https:\/\/schreinereigraber.ch\/","title":{"rendered":"Die Schreinerei"},"content":{"rendered":"<p><strong>Nichts ist unm\u00f6glich<\/strong><br clear=\"none\" \/><br clear=\"none\" \/><a href=\"https:\/\/schreinereigraber.ch\/wp-content\/uploads\/2014\/12\/schreinerei_max.jpg\" rel=\"lightbox-0\"><img loading=\"lazy\" decoding=\"async\" class=\" size-thumbnail wp-image-66 alignleft\" src=\"https:\/\/schreinereigraber.ch\/wp-content\/uploads\/2014\/12\/schreinerei_max-150x150.jpg\" alt=\"schreinerei_max\" width=\"150\" height=\"150\" \/><\/a>Max Graber, Schreinermeister mit Holzsp\u00e4nen in den Adern, hat sich diesem Motto verschrieben. Und das seit \u00fcber\u00a0<strong>25 Jahren<\/strong>\u00a0mitten in Z\u00fcrich Wollishofen! Auf seine langj\u00e4hrige Erfahrung k\u00f6nnen Sie bauen und haben trotzdem Gew\u00e4hr, dass jeder neue Auftrag mit\u00a0<strong>jungen, gewieften Ideen<\/strong>\u00a0angegangen wird. Denn wir bilden seit Jahren Lehrlinge aus, besuchen selber laufend Weiterbildungskurse und bleiben dadurch am Puls der Zeit. Profitieren Sie von den Werten, welche f\u00fcr uns wichtig sind:<\/p>\n<ul>\n<li>\u00a0\u00a0\u00a0\u00a0\u00a0\u00a0\u00a0\u00a0 Einwandfreie Ausf\u00fchrung von hoher fachlicher Qualit\u00e4t<\/li>\n<li>\u00a0\u00a0\u00a0\u00a0\u00a0\u00a0\u00a0\u00a0 Freundliche, seri\u00f6se Beratung<\/li>\n<li>\u00a0\u00a0\u00a0\u00a0\u00a0\u00a0\u00a0\u00a0 L\u00f6sungen, die zum Budget des Kunden passen<\/li>\n<\/ul>\n<p>&nbsp;<\/p>\n<p><a href=\"https:\/\/schreinereigraber.ch\/wp-content\/uploads\/2014\/12\/schreinerei_werkstatt.jpg\" rel=\"lightbox-1\"><img loading=\"lazy\" decoding=\"async\" class=\"alignnone size-thumbnail wp-image-67\" src=\"https:\/\/schreinereigraber.ch\/wp-content\/uploads\/2014\/12\/schreinerei_werkstatt-150x150.jpg\" alt=\"schreinerei_werkstatt\" width=\"150\" height=\"150\" \/><\/a><a href=\"https:\/\/schreinereigraber.ch\/wp-content\/uploads\/2014\/12\/schreinerei_max.jpg\" rel=\"lightbox-0\"><br \/>\n<\/a>\u00a0<a href=\"https:\/\/schreinereigraber.ch\/wp-content\/uploads\/2014\/12\/schreinerei_werkstatt.jpg\" rel=\"lightbox-1\"><br \/>\n<\/a><\/p>\n","protected":false},"excerpt":{"rendered":"<p>Nichts ist unm\u00f6glichMax Graber, Schreinermeister mit Holzsp\u00e4nen in den Adern, hat sich diesem Motto verschrieben. Und das seit \u00fcber\u00a025 Jahren\u00a0mitten in Z\u00fcrich Wollishofen! Auf seine langj\u00e4hrige Erfahrung k\u00f6nnen Sie bauen und haben trotzdem Gew\u00e4hr, dass jeder neue Auftrag mit\u00a0jungen, gewieften Ideen\u00a0angegangen wird. Denn wir bilden seit Jahren Lehrlinge aus, besuchen selber laufend Weiterbildungskurse und bleiben &hellip; <a href=\"https:\/\/schreinereigraber.ch\/\" class=\"more-link\"><span class=\"screen-reader-text\">Die Schreinerei<\/span> weiterlesen<\/a><\/p>\n","protected":false},"author":1,"featured_media":0,"parent":0,"menu_order":0,"comment_status":"closed","ping_status":"open","template":"","meta":{"footnotes":""},"class_list":["post-25","page","type-page","status-publish","hentry"],"_links":{"self":[{"href":"https:\/\/schreinereigraber.ch\/index.php?rest_route=\/wp\/v2\/pages\/25","targetHints":{"allow":["GET"]}}],"collection":[{"href":"https:\/\/schreinereigraber.ch\/index.php?rest_route=\/wp\/v2\/pages"}],"about":[{"href":"https:\/\/schreinereigraber.ch\/index.php?rest_route=\/wp\/v2\/types\/page"}],"author":[{"embeddable":true,"href":"https:\/\/schreinereigraber.ch\/index.php?rest_route=\/wp\/v2\/users\/1"}],"replies":[{"embeddable":true,"href":"https:\/\/schreinereigraber.ch\/index.php?rest_route=%2Fwp%2Fv2%2Fcomments&post=25"}],"version-history":[{"count":10,"href":"https:\/\/schreinereigraber.ch\/index.php?rest_route=\/wp\/v2\/pages\/25\/revisions"}],"predecessor-version":[{"id":87,"href":"https:\/\/schreinereigraber.ch\/index.php?rest_route=\/wp\/v2\/pages\/25\/revisions\/87"}],"wp:attachment":[{"href":"https:\/\/schreinereigraber.ch\/index.php?rest_route=%2Fwp%2Fv2%2Fmedia&parent=25"}],"curies":[{"name":"wp","href":"https:\/\/api.w.org\/{rel}","templated":true}]}}